{"id":2,"date":"2015-04-27T16:50:12","date_gmt":"2015-04-27T16:50:12","guid":{"rendered":"http:\/\/www.bentebrandstrup.dk\/wp\/?page_id=2"},"modified":"2023-06-13T07:12:47","modified_gmt":"2023-06-13T07:12:47","slug":"trivsel-i-uddannelse-og-job","status":"publish","type":"page","link":"https:\/\/www.bentebrandstrup.dk\/","title":{"rendered":"Foredrag og workshops"},"content":{"rendered":"<p>[et_pb_section fb_built=&#8221;1&#8243; _builder_version=&#8221;4.6.1&#8243; _module_preset=&#8221;default&#8221; background_image=&#8221;http:\/\/www.bentebrandstrup.dk\/wp-content\/uploads\/2023\/06\/Header-billede-BB-1.jpg&#8221;][et_pb_row column_structure=&#8221;2_5,3_5&#8243; _builder_version=&#8221;4.6.1&#8243; _module_preset=&#8221;default&#8221;][et_pb_column type=&#8221;2_5&#8243; _builder_version=&#8221;4.6.1&#8243; _module_preset=&#8221;default&#8221;][\/et_pb_column][et_pb_column type=&#8221;3_5&#8243; _builder_version=&#8221;4.6.1&#8243; _module_preset=&#8221;default&#8221;][et_pb_divider show_divider=&#8221;off&#8221; _builder_version=&#8221;4.6.1&#8243; _module_preset=&#8221;default&#8221;][\/et_pb_divider][et_pb_text _builder_version=&#8221;4.6.1&#8243; _module_preset=&#8221;default&#8221;]<\/p>\n<h1 style=\"text-align: left;\"><span style=\"color: #ffffff;\">Foredrag og workshops om trivsel<\/span><\/h1>\n<p>[\/et_pb_text][et_pb_text _builder_version=&#8221;4.6.1&#8243; _module_preset=&#8221;default&#8221;]<\/p>\n<p><span style=\"color: #ffffff;\">Hvis du t\u00e6nker, at vi har trivselsproblemer i dag, s\u00e5 bliver det intet imod, hvad der venter &#8211; hvis vi forts\u00e6tter, som vi plejer!<\/span><\/p>\n<p>[\/et_pb_text][\/et_pb_column][\/et_pb_row][\/et_pb_section][et_pb_section fb_built=&#8221;1&#8243; _builder_version=&#8221;4.6.1&#8243; _module_preset=&#8221;default&#8221;][et_pb_row _builder_version=&#8221;4.6.1&#8243; _module_preset=&#8221;default&#8221;][et_pb_column type=&#8221;4_4&#8243; _builder_version=&#8221;4.6.1&#8243; _module_preset=&#8221;default&#8221;][et_pb_text _builder_version=&#8221;4.6.1&#8243; _module_preset=&#8221;default&#8221;]<\/p>\n<p style=\"text-align: center;\">Min baggrund som l\u00e6rer og mit nuv\u00e6rende virke som coach har givet mig en stor forst\u00e5else for de trivselsproblematikker, der er hos unge &#8211; s\u00e5vel blandt teenagere som unge voksne, der st\u00e5r i deres f\u00f8rste job.<\/p>\n<p style=\"text-align: center;\">Vi har i mange \u00e5r talt om elevernes trivsel. L\u00e6rernes trivsel er mindst lige s\u00e5 vigtig, og s\u00e6rligt de nye l\u00e6rere, der skal ud i deres f\u00f8rste job, skal vi v\u00e6re opm\u00e6rksomme p\u00e5.\u00a0<\/p>\n<p>[\/et_pb_text][\/et_pb_column][\/et_pb_row][\/et_pb_section][et_pb_section fb_built=&#8221;1&#8243; _builder_version=&#8221;4.6.1&#8243; _module_preset=&#8221;default&#8221; background_color=&#8221;#d2e7cd&#8221;][et_pb_row _builder_version=&#8221;4.6.1&#8243; _module_preset=&#8221;default&#8221;][et_pb_column type=&#8221;4_4&#8243; _builder_version=&#8221;4.6.1&#8243; _module_preset=&#8221;default&#8221;][et_pb_text _builder_version=&#8221;4.6.1&#8243; _module_preset=&#8221;default&#8221;]<\/p>\n<h2 style=\"text-align: center;\">Om 7 \u00e5r er der m\u00e5ske 100 b\u00f8rn i en klasse pr l\u00e6rer.<\/h2>\n<h2 style=\"text-align: center;\">Hvorfor? Fordi vi i 2030 vil mangle 13.100 l\u00e6rere*<\/h2>\n<p class=\"Brdtekst1\" style=\"text-align: center;\"><span style=\"font-size: 12.0pt; font-family: 'Avenir Book';\">*If\u00f8lge e<span style=\"letter-spacing: -.1pt;\">n analyse fra Danske Professionsh\u00f8jskoler og Damvad 2021<\/span><\/span><\/p>\n<p>[\/et_pb_text][\/et_pb_column][\/et_pb_row][\/et_pb_section][et_pb_section fb_built=&#8221;1&#8243; _builder_version=&#8221;4.6.1&#8243; _module_preset=&#8221;default&#8221;][et_pb_row _builder_version=&#8221;4.6.1&#8243; _module_preset=&#8221;default&#8221;][et_pb_column type=&#8221;4_4&#8243; _builder_version=&#8221;4.6.1&#8243; _module_preset=&#8221;default&#8221;][et_pb_text _builder_version=&#8221;4.6.1&#8243; _module_preset=&#8221;default&#8221;]<\/p>\n<p style=\"text-align: center;\">Helt grundl\u00e6ggende s\u00e5 tror jeg, at l\u00e6rernes trivsel er en foruds\u00e6tning for skolens trivsel. Og det bekymrer mig, at hver 4 nyuddannede l\u00e6rer forlader folkeskolen indenfor 5 \u00e5r efter endt uddannelse.<\/p>\n<p style=\"text-align: center;\">Derfor har jeg valgt at fokusere ekstra meget p\u00e5 unge nyuddannede l\u00e6reres trivsel og lyst til l\u00e6rergerningen \u2013 s\u00e5 vi ogs\u00e5 fremover kan f\u00e5 fyldt vores skoler med engagerede og iderige l\u00e6rere.<\/p>\n<p>[\/et_pb_text][\/et_pb_column][\/et_pb_row][\/et_pb_section][et_pb_section fb_built=&#8221;1&#8243; _builder_version=&#8221;4.6.1&#8243; _module_preset=&#8221;default&#8221; background_color=&#8221;#20401d&#8221;][et_pb_row _builder_version=&#8221;4.6.1&#8243; _module_preset=&#8221;default&#8221;][et_pb_column type=&#8221;4_4&#8243; _builder_version=&#8221;4.6.1&#8243; _module_preset=&#8221;default&#8221;][et_pb_button button_url=&#8221;mailto:%20kontakt@skolecoach.dk&#8221; button_text=&#8221;Kontakt Bente&#8221; button_alignment=&#8221;center&#8221; admin_label=&#8221;Kontaktknap&#8221; _builder_version=&#8221;4.6.1&#8243; _module_preset=&#8221;default&#8221;][\/et_pb_button][\/et_pb_column][\/et_pb_row][\/et_pb_section][et_pb_section fb_built=&#8221;1&#8243; _builder_version=&#8221;4.6.1&#8243; _module_preset=&#8221;default&#8221;][et_pb_row column_structure=&#8221;1_3,1_3,1_3&#8243; _builder_version=&#8221;4.6.1&#8243; _module_preset=&#8221;default&#8221;][et_pb_column type=&#8221;1_3&#8243; _builder_version=&#8221;4.6.1&#8243; _module_preset=&#8221;default&#8221;][et_pb_text _builder_version=&#8221;4.6.1&#8243; _module_preset=&#8221;default&#8221;]<\/p>\n<h2 style=\"text-align: center;\">KONTAKT MIG<\/h2>\n<p style=\"text-align: center;\">Skriv til mig p\u00e5 kontakt@skolecoach.dk<\/p>\n<p style=\"text-align: center;\">Eller ring p\u00e5 telefon 22 91 96 97<\/p>\n<p>[\/et_pb_text][\/et_pb_column][et_pb_column type=&#8221;1_3&#8243; _builder_version=&#8221;4.6.1&#8243; _module_preset=&#8221;default&#8221;][et_pb_text _builder_version=&#8221;4.6.1&#8243; _module_preset=&#8221;default&#8221;]<\/p>\n<h2 style=\"text-align: center;\">FORM\u00d8DE<\/h2>\n<p style=\"text-align: center;\">Vi afklarer enten gennem mail eller via telefon hvad I \u00f8nsker for dagen<\/p>\n<p>[\/et_pb_text][\/et_pb_column][et_pb_column type=&#8221;1_3&#8243; _builder_version=&#8221;4.6.1&#8243; _module_preset=&#8221;default&#8221;][et_pb_text _builder_version=&#8221;4.6.1&#8243; _module_preset=&#8221;default&#8221;]<\/p>\n<h2 style=\"text-align: center;\">LEVERING<\/h2>\n<p style=\"text-align: center;\">Bente kommer ud og afholder foredrag eller workshops med udgangspunkt i det \u00f8nskede<\/p>\n<p>[\/et_pb_text][\/et_pb_column][\/et_pb_row][et_pb_row _builder_version=&#8221;4.6.1&#8243; _module_preset=&#8221;default&#8221;][et_pb_column type=&#8221;4_4&#8243; _builder_version=&#8221;4.6.1&#8243; _module_preset=&#8221;default&#8221;][et_pb_button button_url=&#8221;mailto:%20kontakt@skolecoach.dk&#8221; button_text=&#8221;Kontakt Bente&#8221; button_alignment=&#8221;center&#8221; admin_label=&#8221;Kontaktknap&#8221; _builder_version=&#8221;4.6.1&#8243; _module_preset=&#8221;default&#8221;][\/et_pb_button][\/et_pb_column][\/et_pb_row][\/et_pb_section]<\/p>\n","protected":false},"excerpt":{"rendered":"<p>[et_pb_section fb_built=&#8221;1&#8243; _builder_version=&#8221;4.6.1&#8243; _module_preset=&#8221;default&#8221; background_image=&#8221;http:\/\/www.bentebrandstrup.dk\/wp-content\/uploads\/2023\/06\/Header-billede-BB-1.jpg&#8221;][et_pb_row column_structure=&#8221;2_5,3_5&#8243; _builder_version=&#8221;4.6.1&#8243; _module_preset=&#8221;default&#8221;][et_pb_column type=&#8221;2_5&#8243; _builder_version=&#8221;4.6.1&#8243; _module_preset=&#8221;default&#8221;][\/et_pb_column][et_pb_column type=&#8221;3_5&#8243; _builder_version=&#8221;4.6.1&#8243; _module_preset=&#8221;default&#8221;][et_pb_divider show_divider=&#8221;off&#8221; _builder_version=&#8221;4.6.1&#8243; _module_preset=&#8221;default&#8221;][\/et_pb_divider][et_pb_text _builder_version=&#8221;4.6.1&#8243; _module_preset=&#8221;default&#8221;] Foredrag og workshops om trivsel [\/et_pb_text][et_pb_text _builder_version=&#8221;4.6.1&#8243; _module_preset=&#8221;default&#8221;] Hvis du t\u00e6nker, at vi har trivselsproblemer i dag, s\u00e5 bliver det intet imod, hvad der venter &#8211; hvis vi forts\u00e6tter, som vi plejer! [\/et_pb_text][\/et_pb_column][\/et_pb_row][\/et_pb_section][et_pb_section fb_built=&#8221;1&#8243; _builder_version=&#8221;4.6.1&#8243; _module_preset=&#8221;default&#8221;][et_pb_row [&hellip;]<\/p>\n","protected":false},"author":1,"featured_media":0,"parent":0,"menu_order":0,"comment_status":"open","ping_status":"open","template":"","meta":{"_et_pb_use_builder":"on","_et_pb_old_content":"<p>[av_one_full first][\/av_one_full]<\/p><p>[av_textblock size='' font_color='custom' color='']<\/p><p>[\/av_textblock]<\/p><p>[av_hr class='default' height='50' shadow='no-shadow' position='center' custom_border='av-border-thin' custom_width='50px' custom_border_color='' custom_margin_top='30px' custom_margin_bottom='30px' icon_select='yes' custom_icon_color='' icon='ue808']<\/p><p>[av_two_third first]<br \/>[av_textblock size='' font_color='' color='']<\/p><h1>\u00a0<\/h1><h1>Fokus p\u00e5 trivsel<\/h1><h4>\u00a0<\/h4><h4>Som erfaren l\u00e6rer, vejleder og HR-coach har jeg valgt at s\u00e6tte fokus p\u00e5 trivsel blandt l\u00e6rere og unge p\u00e5 vej i uddannelsessystemet.<\/h4><p>Min baggrund som l\u00e6rer giver mig en stor forst\u00e5else for de problematikker der i \u00f8jeblikket fylder i den danske folkeskole, og jeg kan hj\u00e6lpe dig med at genfinde trivslen i dit (arbejds) liv.<\/p><p>Til dig der er ung og p\u00e5 vej i uddannelse, kan jeg tilbyde coaching og uddannelsesvejledning som st\u00f8tte til dine valg ligeosm jeg kan hj\u00e6lpe dig, hvis du undervejs i uddannelsen bliver i tvivl om du har valgt rigtigt.<br \/>[\/av_textblock]<br \/>[\/av_two_third]<\/p><p>[av_one_third]<br \/>[av_textblock size='' font_color='' color='']<br \/><a href=\"http:\/\/www.bentebrandstrup.dk\/wp-content\/uploads\/2018\/06\/18-web.jpg\"><img class=\"size-medium wp-image-338 aligncenter\" src=\"http:\/\/www.bentebrandstrup.dk\/wp-content\/uploads\/2018\/06\/18-web-300x296.jpg\" alt=\"\" width=\"300\" height=\"296\" \/><\/a><\/p><p style=\"text-align: center;\">Bente Brandstrup<\/p><p style=\"text-align: center;\">HR-coach med fokus p\u00e5 trivsel<\/p><p>[\/av_textblock]<br \/>[\/av_one_third]<\/p><p>[av_section min_height='' min_height_px='500px' padding='default' shadow='no-shadow' bottom_border='no-border-styling' id='' color='main_color' custom_bg='#feca7e' src='' attachment='' attachment_size='' attach='scroll' position='top left' repeat='no-repeat' video='' video_ratio='16:9' overlay_opacity='0.5' overlay_color='' overlay_pattern='' overlay_custom_pattern='']<br \/>[av_textblock size='14' font_color='' color='']<\/p><h2 style=\"text-align: center;\"><span style=\"color: #759338;\">Mit form\u00e5l er at hj\u00e6lpe dig til st\u00f8rre trivsel<\/span><\/h2><p>[\/av_textblock]<\/p><p>[av_textblock size='' font_color='custom' color='']<\/p><h2>Pigepotentiale<\/h2><p>I april 2017 fik Pigepotentiale sin helt egen hjemmeside - og i \u00f8vrigt ogs\u00e5 sit helt eget CVR NR. Pigepotentiale er siden da vokset s\u00e5ledes at vi i dag d\u00e6kker hele landet.<\/p><h4><a href=\"http:\/\/www.pigepotentiale.dk\">Hvis du har lyst, s\u00e5 kan du l\u00e6se\u00a0mere om Pigepotentiale lige her<\/a><\/h4><p>[\/av_textblock]<br \/>[\/av_section]<\/p><p>[av_hr class='default' height='50' shadow='no-shadow' position='center' custom_border='av-border-thin' custom_width='50px' custom_border_color='' custom_margin_top='30px' custom_margin_bottom='30px' icon_select='yes' custom_icon_color='' icon='ue808']<\/p><p>[av_hr class='default' height='50' shadow='no-shadow' position='center' custom_border='av-border-thin' custom_width='50px' custom_border_color='' custom_margin_top='30px' custom_margin_bottom='30px' icon_select='yes' custom_icon_color='' icon='ue808']<\/p>","_et_gb_content_width":"","footnotes":""},"yoast_head":"<!-- This site is optimized with the Yoast SEO plugin v20.8 - https:\/\/yoast.com\/wordpress\/plugins\/seo\/ -->\n<title>Trivsel i uddannelse og job<\/title>\n<meta name=\"description\" content=\"Som erfaren l\u00e6rer, vejleder og HR-coach har jeg valgt at s\u00e6tte focus p\u00e5 trivsel blandt l\u00e6rere og unge p\u00e5 vej i uddannelsessystemet.\" \/>\n<meta name=\"robots\" content=\"index, follow, max-snippet:-1, max-image-preview:large, max-video-preview:-1\" \/>\n<link rel=\"canonical\" href=\"https:\/\/www.bentebrandstrup.dk\/\" \/>\n<meta property=\"og:locale\" content=\"da_DK\" \/>\n<meta property=\"og:type\" content=\"article\" \/>\n<meta property=\"og:title\" content=\"Trivsel i uddannelse og job\" \/>\n<meta property=\"og:description\" content=\"Som erfaren l\u00e6rer, vejleder og HR-coach har jeg valgt at s\u00e6tte focus p\u00e5 trivsel blandt l\u00e6rere og unge p\u00e5 vej i uddannelsessystemet.\" \/>\n<meta property=\"og:url\" content=\"https:\/\/www.bentebrandstrup.dk\/\" \/>\n<meta property=\"og:site_name\" content=\"NLP &amp; Potentiale\" \/>\n<meta property=\"article:publisher\" content=\"https:\/\/www.facebook.com\/NLPogPotentiale\" \/>\n<meta property=\"article:modified_time\" content=\"2023-06-13T07:12:47+00:00\" \/>\n<meta name=\"twitter:card\" content=\"summary_large_image\" \/>\n<meta name=\"twitter:label1\" content=\"Estimeret l\u00e6setid\" \/>\n\t<meta name=\"twitter:data1\" content=\"2 minutter\" \/>\n<script type=\"application\/ld+json\" class=\"yoast-schema-graph\">{\"@context\":\"https:\/\/schema.org\",\"@graph\":[{\"@type\":\"WebPage\",\"@id\":\"https:\/\/www.bentebrandstrup.dk\/\",\"url\":\"https:\/\/www.bentebrandstrup.dk\/\",\"name\":\"Trivsel i uddannelse og job\",\"isPartOf\":{\"@id\":\"https:\/\/www.bentebrandstrup.dk\/#website\"},\"datePublished\":\"2015-04-27T16:50:12+00:00\",\"dateModified\":\"2023-06-13T07:12:47+00:00\",\"description\":\"Som erfaren l\u00e6rer, vejleder og HR-coach har jeg valgt at s\u00e6tte focus p\u00e5 trivsel blandt l\u00e6rere og unge p\u00e5 vej i uddannelsessystemet.\",\"breadcrumb\":{\"@id\":\"https:\/\/www.bentebrandstrup.dk\/#breadcrumb\"},\"inLanguage\":\"da-DK\",\"potentialAction\":[{\"@type\":\"ReadAction\",\"target\":[\"https:\/\/www.bentebrandstrup.dk\/\"]}]},{\"@type\":\"BreadcrumbList\",\"@id\":\"https:\/\/www.bentebrandstrup.dk\/#breadcrumb\",\"itemListElement\":[{\"@type\":\"ListItem\",\"position\":1,\"name\":\"Hjem\",\"item\":\"https:\/\/www.bentebrandstrup.dk\/\"},{\"@type\":\"ListItem\",\"position\":2,\"name\":\"Foredrag og workshops\"}]},{\"@type\":\"WebSite\",\"@id\":\"https:\/\/www.bentebrandstrup.dk\/#website\",\"url\":\"https:\/\/www.bentebrandstrup.dk\/\",\"name\":\"NLP &amp; Potentiale\",\"description\":\"Foredrag og workshops\",\"potentialAction\":[{\"@type\":\"SearchAction\",\"target\":{\"@type\":\"EntryPoint\",\"urlTemplate\":\"https:\/\/www.bentebrandstrup.dk\/?s={search_term_string}\"},\"query-input\":\"required name=search_term_string\"}],\"inLanguage\":\"da-DK\"}]}<\/script>\n<!-- \/ Yoast SEO plugin. -->","yoast_head_json":{"title":"Trivsel i uddannelse og job","description":"Som erfaren l\u00e6rer, vejleder og HR-coach har jeg valgt at s\u00e6tte focus p\u00e5 trivsel blandt l\u00e6rere og unge p\u00e5 vej i uddannelsessystemet.","robots":{"index":"index","follow":"follow","max-snippet":"max-snippet:-1","max-image-preview":"max-image-preview:large","max-video-preview":"max-video-preview:-1"},"canonical":"https:\/\/www.bentebrandstrup.dk\/","og_locale":"da_DK","og_type":"article","og_title":"Trivsel i uddannelse og job","og_description":"Som erfaren l\u00e6rer, vejleder og HR-coach har jeg valgt at s\u00e6tte focus p\u00e5 trivsel blandt l\u00e6rere og unge p\u00e5 vej i uddannelsessystemet.","og_url":"https:\/\/www.bentebrandstrup.dk\/","og_site_name":"NLP &amp; Potentiale","article_publisher":"https:\/\/www.facebook.com\/NLPogPotentiale","article_modified_time":"2023-06-13T07:12:47+00:00","twitter_card":"summary_large_image","twitter_misc":{"Estimeret l\u00e6setid":"2 minutter"},"schema":{"@context":"https:\/\/schema.org","@graph":[{"@type":"WebPage","@id":"https:\/\/www.bentebrandstrup.dk\/","url":"https:\/\/www.bentebrandstrup.dk\/","name":"Trivsel i uddannelse og job","isPartOf":{"@id":"https:\/\/www.bentebrandstrup.dk\/#website"},"datePublished":"2015-04-27T16:50:12+00:00","dateModified":"2023-06-13T07:12:47+00:00","description":"Som erfaren l\u00e6rer, vejleder og HR-coach har jeg valgt at s\u00e6tte focus p\u00e5 trivsel blandt l\u00e6rere og unge p\u00e5 vej i uddannelsessystemet.","breadcrumb":{"@id":"https:\/\/www.bentebrandstrup.dk\/#breadcrumb"},"inLanguage":"da-DK","potentialAction":[{"@type":"ReadAction","target":["https:\/\/www.bentebrandstrup.dk\/"]}]},{"@type":"BreadcrumbList","@id":"https:\/\/www.bentebrandstrup.dk\/#breadcrumb","itemListElement":[{"@type":"ListItem","position":1,"name":"Hjem","item":"https:\/\/www.bentebrandstrup.dk\/"},{"@type":"ListItem","position":2,"name":"Foredrag og workshops"}]},{"@type":"WebSite","@id":"https:\/\/www.bentebrandstrup.dk\/#website","url":"https:\/\/www.bentebrandstrup.dk\/","name":"NLP &amp; Potentiale","description":"Foredrag og workshops","potentialAction":[{"@type":"SearchAction","target":{"@type":"EntryPoint","urlTemplate":"https:\/\/www.bentebrandstrup.dk\/?s={search_term_string}"},"query-input":"required name=search_term_string"}],"inLanguage":"da-DK"}]}},"_links":{"self":[{"href":"https:\/\/www.bentebrandstrup.dk\/index.php\/wp-json\/wp\/v2\/pages\/2"}],"collection":[{"href":"https:\/\/www.bentebrandstrup.dk\/index.php\/wp-json\/wp\/v2\/pages"}],"about":[{"href":"https:\/\/www.bentebrandstrup.dk\/index.php\/wp-json\/wp\/v2\/types\/page"}],"author":[{"embeddable":true,"href":"https:\/\/www.bentebrandstrup.dk\/index.php\/wp-json\/wp\/v2\/users\/1"}],"replies":[{"embeddable":true,"href":"https:\/\/www.bentebrandstrup.dk\/index.php\/wp-json\/wp\/v2\/comments?post=2"}],"version-history":[{"count":64,"href":"https:\/\/www.bentebrandstrup.dk\/index.php\/wp-json\/wp\/v2\/pages\/2\/revisions"}],"predecessor-version":[{"id":623,"href":"https:\/\/www.bentebrandstrup.dk\/index.php\/wp-json\/wp\/v2\/pages\/2\/revisions\/623"}],"wp:attachment":[{"href":"https:\/\/www.bentebrandstrup.dk\/index.php\/wp-json\/wp\/v2\/media?parent=2"}],"curies":[{"name":"wp","href":"https:\/\/api.w.org\/{rel}","templated":true}]}}