{"id":35,"date":"2015-05-03T13:32:35","date_gmt":"2015-05-03T13:32:35","guid":{"rendered":"http:\/\/www.bentebrandstrup.dk\/wp\/?page_id=35"},"modified":"2023-06-13T07:12:26","modified_gmt":"2023-06-13T07:12:26","slug":"bente-brandstrup","status":"publish","type":"page","link":"https:\/\/www.bentebrandstrup.dk\/index.php\/bente-brandstrup\/","title":{"rendered":"Bente Brandstrup"},"content":{"rendered":"<p>[et_pb_section fb_built=&#8221;1&#8243; _builder_version=&#8221;4.6.1&#8243; _module_preset=&#8221;default&#8221; background_enable_color=&#8221;off&#8221; background_image=&#8221;http:\/\/www.bentebrandstrup.dk\/wp-content\/uploads\/2023\/06\/Header-billede-BB-2.jpg&#8221;][et_pb_row _builder_version=&#8221;4.6.1&#8243; _module_preset=&#8221;default&#8221;][et_pb_column type=&#8221;4_4&#8243; _builder_version=&#8221;4.6.1&#8243; _module_preset=&#8221;default&#8221;][et_pb_text _builder_version=&#8221;4.6.1&#8243; _module_preset=&#8221;default&#8221;]<\/p>\n<h1><span style=\"color: #ffffff;\">Bente Brandstrup\u00a0<\/span><\/h1>\n<p><span style=\"color: #ffffff;\">L\u00e6rer, uddannelsesvejleder og coach<\/span><br \/>\n[\/et_pb_text][\/et_pb_column][\/et_pb_row][\/et_pb_section][et_pb_section fb_built=&#8221;1&#8243; _builder_version=&#8221;4.6.1&#8243; _module_preset=&#8221;default&#8221;][et_pb_row _builder_version=&#8221;4.6.1&#8243; _module_preset=&#8221;default&#8221;][et_pb_column type=&#8221;4_4&#8243; _builder_version=&#8221;4.6.1&#8243; _module_preset=&#8221;default&#8221;][et_pb_text _builder_version=&#8221;4.6.1&#8243; _module_preset=&#8221;default&#8221;]<\/p>\n<h1 style=\"text-align: center;\">Om Bente Brandstrup<\/h1>\n<p style=\"text-align: center;\">Jeg er uddannet l\u00e6rer, uddannelsesvejleder og Master NLP og Enneagram coach samt NLP og Enneagram tr\u00e6ner.<\/p>\n<p style=\"text-align: center;\">Jeg arbejder for trivsel \u2013 uanset om jeg arbejder med voksne eller med unge.<\/p>\n<p style=\"text-align: center;\">Min erfaring som l\u00e6rer, uddannelsesvejleder og Coach bruger jeg i dag blandt andet til r\u00e5dgivning og coaching af l\u00e6rere, som har brugt sig selv lidt for meget, i lidt for lang tid. Og desv\u00e6rre ofte har mistet troen p\u00e5, at de er gode nok &#8211; lige som de er.<\/p>\n<p style=\"text-align: center;\">Samtidig har jeg et \u00f8nske om at \u00f8ge trivslen for de mange unge, som i dag g\u00e5r rundt med lavt selvv\u00e6rd.<\/p>\n<p style=\"text-align: center;\">Det g\u00f8r jeg i Ungepotentiale &#8211; tidligere Pigepotentiale, som er et landsd\u00e6kkende netv\u00e6rk af coaches og terapeuter, som gennem coaching og workshops styrker unges selvv\u00e6rd og hj\u00e6lper dem p\u00e5 vej mod voksenlivet.<\/p>\n<p style=\"text-align: center;\">Jeg blev f\u00e6rdig som l\u00e6rer i 1996, og har siden da prim\u00e6rt arbejdet med unge og uddannelsesvejledning. F\u00f8rst som efterskolel\u00e6rer p\u00e5 Kerteminde Efterskole og efterf\u00f8lgende som vejleder og uddannelseskonsulent blandt andet i UUO (Ungdommens Uddannelsesvejledning Odense og omegn), Efterskoleforeningen og Region Syddanmark.<\/p>\n<p style=\"text-align: center;\">Selvst\u00e6ndig coach siden 2008.<\/p>\n<p style=\"text-align: center;\">[\/et_pb_text][\/et_pb_column][\/et_pb_row][\/et_pb_section][et_pb_section fb_built=&#8221;1&#8243; _builder_version=&#8221;4.6.1&#8243; _module_preset=&#8221;default&#8221; background_color=&#8221;#20401d&#8221; custom_padding=&#8221;0px||0px|||&#8221;][et_pb_row _builder_version=&#8221;4.6.1&#8243; _module_preset=&#8221;default&#8221;][et_pb_column type=&#8221;4_4&#8243; _builder_version=&#8221;4.6.1&#8243; _module_preset=&#8221;default&#8221;][et_pb_button button_url=&#8221;mailto:kontakt@skolecoach.dk&#8221; url_new_window=&#8221;on&#8221; button_text=&#8221;Skriv til Bente&#8221; button_alignment=&#8221;center&#8221; _builder_version=&#8221;4.6.1&#8243; _module_preset=&#8221;default&#8221;][\/et_pb_button][\/et_pb_column][\/et_pb_row][\/et_pb_section][et_pb_section fb_built=&#8221;1&#8243; _builder_version=&#8221;4.6.1&#8243; _module_preset=&#8221;default&#8221;][et_pb_row column_structure=&#8221;1_2,1_2&#8243; _builder_version=&#8221;4.6.1&#8243; _module_preset=&#8221;default&#8221;][et_pb_column type=&#8221;1_2&#8243; _builder_version=&#8221;4.6.1&#8243; _module_preset=&#8221;default&#8221;][et_pb_text _builder_version=&#8221;4.6.1&#8243; _module_preset=&#8221;default&#8221; custom_margin=&#8221;5px|||5px|false|false&#8221; custom_padding=&#8221;5px|||5px|false|false&#8221; link_option_url=&#8221;https:\/\/ungepotentiale.dk\/&#8221; link_option_url_new_window=&#8221;on&#8221; border_radii=&#8221;on|10px|10px|10px|10px&#8221; border_width_all=&#8221;5px&#8221; border_color_all=&#8221;#d2e7cd&#8221;]<\/p>\n<h2>Ungepotentiale<\/h2>\n<p>Ungepotentiale tidligere Pigepotentiale blev grundlagt af Bente Brandstrup i 2017. Ungepotentiale er et netv\u00e6rk for coaches, terapeuter og fagpersoner med en f\u00e6lles vision om at hj\u00e6lpe unge til bedre trivsel.<\/p>\n<p>Se mere p\u00e5 <a href=\"https:\/\/ungepotentiale.dk\/\" target=\"_blank\" rel=\"noopener noreferrer\">Ungepotentiale.dk<\/a><br \/>\n[\/et_pb_text][\/et_pb_column][et_pb_column type=&#8221;1_2&#8243; _builder_version=&#8221;4.6.1&#8243; _module_preset=&#8221;default&#8221;][et_pb_text _builder_version=&#8221;4.6.1&#8243; _module_preset=&#8221;default&#8221; custom_margin=&#8221;5px|||5px|false|false&#8221; custom_padding=&#8221;5px|||5px|false|false&#8221; link_option_url=&#8221;https:\/\/skolecoach.dk\/&#8221; link_option_url_new_window=&#8221;on&#8221; border_radii=&#8221;on|10px|10px|10px|10px&#8221; border_width_all=&#8221;5px&#8221; border_color_all=&#8221;#d2e7cd&#8221;]<\/p>\n<h1>Skolecoach<\/h1>\n<p>Skolecoach er hjemsted for uddannelse og personlig udvikling for skolernes personale. Her udbydes en ungecoachuddannelse og et s\u00e6rligt personlig udviklingsforl\u00f8b for nye l\u00e6rere.<\/p>\n<p>Se mere p\u00e5 <a href=\"https:\/\/skolecoach.dk\/\" target=\"_blank\" rel=\"noopener noreferrer\">Skolecoach.dk<\/a><br \/>\n[\/et_pb_text][\/et_pb_column][\/et_pb_row][\/et_pb_section][et_pb_section fb_built=&#8221;1&#8243; _builder_version=&#8221;4.6.1&#8243; _module_preset=&#8221;default&#8221; background_color=&#8221;#20401d&#8221; custom_padding=&#8221;0px||0px|||&#8221;][et_pb_row _builder_version=&#8221;4.6.1&#8243; _module_preset=&#8221;default&#8221;][et_pb_column type=&#8221;4_4&#8243; _builder_version=&#8221;4.6.1&#8243; _module_preset=&#8221;default&#8221;][et_pb_button button_url=&#8221;mailto:kontakt@skolecoach.dk&#8221; url_new_window=&#8221;on&#8221; button_text=&#8221;Skriv til Bente&#8221; button_alignment=&#8221;center&#8221; _builder_version=&#8221;4.6.1&#8243; _module_preset=&#8221;default&#8221;][\/et_pb_button][\/et_pb_column][\/et_pb_row][\/et_pb_section][et_pb_section fb_built=&#8221;1&#8243; _builder_version=&#8221;4.6.1&#8243; _module_preset=&#8221;default&#8221;][et_pb_row _builder_version=&#8221;4.6.1&#8243; _module_preset=&#8221;default&#8221;][et_pb_column type=&#8221;4_4&#8243; _builder_version=&#8221;4.6.1&#8243; _module_preset=&#8221;default&#8221;][et_pb_text _builder_version=&#8221;4.6.1&#8243; _module_preset=&#8221;default&#8221;]<\/p>\n<h2>Uddannelse<\/h2>\n<p>[\/et_pb_text][\/et_pb_column][\/et_pb_row][et_pb_row column_structure=&#8221;1_2,1_2&#8243; _builder_version=&#8221;4.6.1&#8243; _module_preset=&#8221;default&#8221;][et_pb_column type=&#8221;1_2&#8243; _builder_version=&#8221;4.6.1&#8243; _module_preset=&#8221;default&#8221;][et_pb_text _builder_version=&#8221;4.6.1&#8243; _module_preset=&#8221;default&#8221;]<\/p>\n<h3>Coaching<\/h3>\n<ul>\n<li>NLP og Enneagram trainer, NLP-huset i Valby<\/li>\n<li>Stress coaching, Syddansk Universitet<\/li>\n<li>Team coaching, Syddansk Universitet<\/li>\n<li>HR-coach, NLP-huset i Valby<\/li>\n<li>Enneagram Master, NLP-huset i Valby<\/li>\n<li>NLP Master, NLP-huset i Valby<\/li>\n<\/ul>\n<p>[\/et_pb_text][\/et_pb_column][et_pb_column type=&#8221;1_2&#8243; _builder_version=&#8221;4.6.1&#8243; _module_preset=&#8221;default&#8221;][et_pb_text _builder_version=&#8221;4.6.1&#8243; _module_preset=&#8221;default&#8221;]<\/p>\n<h3>P\u00e6dagogiske omr\u00e5de<\/h3>\n<ul>\n<li>Ledelse og Medarbejdere, University College Lilleb\u00e6lt<\/li>\n<li>Ledelse og organisationer, University College Lilleb\u00e6lt<\/li>\n<li>Projektledelse, University College Lilleb\u00e6lt<\/li>\n<li>Vejleder, Danmarks P\u00e6dagogiske Universitet<\/li>\n<li>L\u00e6rer, University College Lilleb\u00e6lt<\/li>\n<\/ul>\n<p>[\/et_pb_text][\/et_pb_column][\/et_pb_row][et_pb_row _builder_version=&#8221;4.6.1&#8243; _module_preset=&#8221;default&#8221;][et_pb_column type=&#8221;4_4&#8243; _builder_version=&#8221;4.6.1&#8243; _module_preset=&#8221;default&#8221;][et_pb_text _builder_version=&#8221;4.6.1&#8243; _module_preset=&#8221;default&#8221;]<\/p>\n<h1>Kontakt til Bente Brandstrup<\/h1>\n<p>Mail: kontakt@skolecoach.dk<\/p>\n<p>Telefon: 22 91 96 97<\/p>\n<p>[\/et_pb_text][\/et_pb_column][\/et_pb_row][\/et_pb_section]<\/p>\n","protected":false},"excerpt":{"rendered":"<p>[et_pb_section fb_built=&#8221;1&#8243; _builder_version=&#8221;4.6.1&#8243; _module_preset=&#8221;default&#8221; background_enable_color=&#8221;off&#8221; background_image=&#8221;http:\/\/www.bentebrandstrup.dk\/wp-content\/uploads\/2023\/06\/Header-billede-BB-2.jpg&#8221;][et_pb_row _builder_version=&#8221;4.6.1&#8243; _module_preset=&#8221;default&#8221;][et_pb_column type=&#8221;4_4&#8243; _builder_version=&#8221;4.6.1&#8243; _module_preset=&#8221;default&#8221;][et_pb_text _builder_version=&#8221;4.6.1&#8243; _module_preset=&#8221;default&#8221;] Bente Brandstrup\u00a0 L\u00e6rer, uddannelsesvejleder og coach [\/et_pb_text][\/et_pb_column][\/et_pb_row][\/et_pb_section][et_pb_section fb_built=&#8221;1&#8243; _builder_version=&#8221;4.6.1&#8243; _module_preset=&#8221;default&#8221;][et_pb_row _builder_version=&#8221;4.6.1&#8243; _module_preset=&#8221;default&#8221;][et_pb_column type=&#8221;4_4&#8243; _builder_version=&#8221;4.6.1&#8243; _module_preset=&#8221;default&#8221;][et_pb_text _builder_version=&#8221;4.6.1&#8243; _module_preset=&#8221;default&#8221;] Om Bente Brandstrup Jeg er uddannet l\u00e6rer, uddannelsesvejleder og Master NLP og Enneagram coach samt NLP og Enneagram tr\u00e6ner. Jeg arbejder for trivsel \u2013 uanset [&hellip;]<\/p>\n","protected":false},"author":1,"featured_media":0,"parent":0,"menu_order":0,"comment_status":"open","ping_status":"open","template":"","meta":{"_et_pb_use_builder":"on","_et_pb_old_content":"<p>[et_pb_section fb_built=\"1\" _builder_version=\"4.6.1\" _module_preset=\"default\" background_enable_color=\"off\" background_image=\"http:\/\/www.bentebrandstrup.dk\/wp-content\/uploads\/2023\/06\/Header-billede-BB-2.jpg\"][et_pb_row _builder_version=\"4.6.1\" _module_preset=\"default\"][et_pb_column type=\"4_4\" _builder_version=\"4.6.1\" _module_preset=\"default\"][et_pb_text _builder_version=\"4.6.1\" _module_preset=\"default\"]<\/p><h1><span style=\"color: #ffffff;\">Bente Brandstrup\u00a0<\/span><\/h1><p><span style=\"color: #ffffff;\">L\u00e6rer, uddannelsesvejleder og coach<\/span><\/p><p>[\/et_pb_text][\/et_pb_column][\/et_pb_row][\/et_pb_section][et_pb_section fb_built=\"1\" _builder_version=\"4.6.1\" _module_preset=\"default\"][et_pb_row _builder_version=\"4.6.1\" _module_preset=\"default\"][et_pb_column type=\"4_4\" _builder_version=\"4.6.1\" _module_preset=\"default\"][et_pb_text _builder_version=\"4.6.1\" _module_preset=\"default\"]<\/p><h1 style=\"text-align: left;\">Om Bente Brandstrup<\/h1><p>Jeg er uddannet l\u00e6rer, uddannelsesvejleder og Master NLP og Enneagram coach samt NLP og Enneagram tr\u00e6ner.<\/p><p>Helt grundl\u00e6ggende s\u00e5 tror jeg, at l\u00e6rernes trivsel er en foruds\u00e6tning for skolens trivsel. Og det bekymrer mig, at hver 4 nyuddannede l\u00e6rer forlader folkeskolen indenfor 5 \u00e5r efter endt uddannelse.<\/p><p>Derfor har jeg valgt at fokusere ekstra meget p\u00e5 unge nyuddannede l\u00e6reres trivsel og lyst til l\u00e6rergerningen - s\u00e5 vi ogs\u00e5 fremover kan f\u00e5 fyldt vores skoler med engagerede og iderige l\u00e6rere.<\/p><p>Jeg blev f\u00e6rdig som l\u00e6rer i 1996, og har siden da prim\u00e6rt arbejdet med unge og uddannelsesvejledning. F\u00f8rst som efterskolel\u00e6rer p\u00e5 Kerteminde Efterskole og efterf\u00f8lgende som vejleder og uddannelseskonsulent blandt andet i UUO (Ungdommens Uddannelsesvejledning Odense og omegn), Efterskoleforeningen og Region Syddanmark.<\/p><p>Selvst\u00e6ndig coach siden 2008.<\/p><p>\u00a0<\/p><p>[\/et_pb_text][\/et_pb_column][\/et_pb_row][\/et_pb_section][et_pb_section fb_built=\"1\" _builder_version=\"4.6.1\" _module_preset=\"default\" background_color=\"#20401d\" custom_padding=\"0px||0px|||\"][\/et_pb_section][et_pb_section fb_built=\"1\" _builder_version=\"4.6.1\" _module_preset=\"default\"][et_pb_row column_structure=\"1_2,1_2\" _builder_version=\"4.6.1\" _module_preset=\"default\"][et_pb_column type=\"1_2\" _builder_version=\"4.6.1\" _module_preset=\"default\"][et_pb_text _builder_version=\"4.6.1\" _module_preset=\"default\" custom_margin=\"5px|||5px|false|false\" custom_padding=\"5px|||5px|false|false\" link_option_url=\"https:\/\/ungepotentiale.dk\/\" link_option_url_new_window=\"on\" border_radii=\"on|10px|10px|10px|10px\" border_width_all=\"5px\" border_color_all=\"#d2e7cd\"]<\/p><h2>Ungepotentiale<\/h2><p>Ungepotentiale tidligere Pigepotentiale blev grundlagt af Bente Brandstrup i 2017. Ungepotentiale er et netv\u00e6rk for coaches, terapeuter og fagpersoner med en f\u00e6lles vision om at hj\u00e6lpe unge til bedre trivsel.<\/p><p>Se mere p\u00e5 <a href=\"https:\/\/ungepotentiale.dk\/\" target=\"_blank\" rel=\"noopener noreferrer\">Ungepotentiale.dk<\/a><\/p><p>[\/et_pb_text][\/et_pb_column][et_pb_column type=\"1_2\" _builder_version=\"4.6.1\" _module_preset=\"default\"][et_pb_text _builder_version=\"4.6.1\" _module_preset=\"default\" custom_margin=\"5px|||5px|false|false\" custom_padding=\"5px|||5px|false|false\" link_option_url=\"https:\/\/skolecoach.dk\/\" link_option_url_new_window=\"on\" border_radii=\"on|10px|10px|10px|10px\" border_width_all=\"5px\" border_color_all=\"#d2e7cd\"]<\/p><h1>Skolecoach<\/h1><p>Skolecoach er hjemsted for uddannelse og personlig udvikling for skolernes personale. Her udbydes en ungecoachuddannelse og et s\u00e6rligt personlig udviklingsforl\u00f8b for nye l\u00e6rere.<\/p><p>Se mere p\u00e5 <a href=\"https:\/\/skolecoach.dk\/\" target=\"_blank\" rel=\"noopener noreferrer\">Skolecoach.dk<\/a><\/p><p>[\/et_pb_text][\/et_pb_column][\/et_pb_row][\/et_pb_section][et_pb_section fb_built=\"1\" _builder_version=\"4.6.1\" _module_preset=\"default\" background_color=\"#20401d\" custom_padding=\"0px||0px|||\"][\/et_pb_section][et_pb_section fb_built=\"1\" _builder_version=\"4.6.1\" _module_preset=\"default\"][et_pb_row _builder_version=\"4.6.1\" _module_preset=\"default\"][et_pb_column type=\"4_4\" _builder_version=\"4.6.1\" _module_preset=\"default\"][et_pb_text _builder_version=\"4.6.1\" _module_preset=\"default\"]<\/p><h2>Uddannelse<\/h2><p>[\/et_pb_text][\/et_pb_column][\/et_pb_row][et_pb_row column_structure=\"1_2,1_2\" _builder_version=\"4.6.1\" _module_preset=\"default\"][et_pb_column type=\"1_2\" _builder_version=\"4.6.1\" _module_preset=\"default\"][et_pb_text _builder_version=\"4.6.1\" _module_preset=\"default\"]<\/p><h3>Coaching<\/h3><ul><li>NLP og Enneagram trainer, NLP-huset i Valby<\/li><li>Stress coaching, Syddansk Universitet<\/li><li>Team coaching, Syddansk Universitet<\/li><li>HR-coach, NLP-huset i Valby<\/li><li>Enneagram Master, NLP-huset i Valby<\/li><li>NLP Master, NLP-huset i Valby<\/li><\/ul><p>[\/et_pb_text][\/et_pb_column][et_pb_column type=\"1_2\" _builder_version=\"4.6.1\" _module_preset=\"default\"][et_pb_text _builder_version=\"4.6.1\" _module_preset=\"default\"]<\/p><h3>P\u00e6dagogiske omr\u00e5de<\/h3><ul><li>Ledelse og Medarbejdere, University College Lilleb\u00e6lt<\/li><li>Ledelse og organisationer, University College Lilleb\u00e6lt<\/li><li>Projektledelse, University College Lilleb\u00e6lt<\/li><li>Vejleder, Danmarks P\u00e6dagogiske Universitet<\/li><li>L\u00e6rer, University College Lilleb\u00e6lt<\/li><\/ul><p>[\/et_pb_text][\/et_pb_column][\/et_pb_row][et_pb_row _builder_version=\"4.6.1\" _module_preset=\"default\"][et_pb_column type=\"4_4\" _builder_version=\"4.6.1\" _module_preset=\"default\"][et_pb_text _builder_version=\"4.6.1\" _module_preset=\"default\" hover_enabled=\"0\" sticky_enabled=\"0\"]<\/p><h1>Kontakt til Bente Brandstrup<\/h1><p>Mail: kontakt@skolecoach.dk<\/p><p>tlf.: 22 91 96 97<\/p><p>[\/et_pb_text][\/et_pb_column][\/et_pb_row][\/et_pb_section]<\/p>","_et_gb_content_width":"","footnotes":""},"yoast_head":"<!-- This site is optimized with the Yoast SEO plugin v20.8 - https:\/\/yoast.com\/wordpress\/plugins\/seo\/ -->\n<title>Bente Brandstrup - coach med fokus p\u00e5 trivsel<\/title>\n<meta name=\"description\" content=\"Bente Brandstrup er l\u00e6rer, vejleder og coach. Hendes prim\u00e6rer fokus er trivsel blandt unge teenagere og unge nyuddannede l\u00e6rere.\" \/>\n<meta name=\"robots\" content=\"index, follow, max-snippet:-1, max-image-preview:large, max-video-preview:-1\" \/>\n<link rel=\"canonical\" href=\"https:\/\/www.bentebrandstrup.dk\/index.php\/bente-brandstrup\/\" \/>\n<meta property=\"og:locale\" content=\"da_DK\" \/>\n<meta property=\"og:type\" content=\"article\" \/>\n<meta property=\"og:title\" content=\"Bente Brandstrup - coach med fokus p\u00e5 trivsel\" \/>\n<meta property=\"og:description\" content=\"Bente Brandstrup er l\u00e6rer, vejleder og coach. Hendes prim\u00e6rer fokus er trivsel blandt unge teenagere og unge nyuddannede l\u00e6rere.\" \/>\n<meta property=\"og:url\" content=\"https:\/\/www.bentebrandstrup.dk\/index.php\/bente-brandstrup\/\" \/>\n<meta property=\"og:site_name\" content=\"NLP &amp; Potentiale\" \/>\n<meta property=\"article:publisher\" content=\"https:\/\/www.facebook.com\/NLPogPotentiale\" \/>\n<meta property=\"article:modified_time\" content=\"2023-06-13T07:12:26+00:00\" \/>\n<meta name=\"twitter:card\" content=\"summary_large_image\" \/>\n<meta name=\"twitter:label1\" content=\"Estimeret l\u00e6setid\" \/>\n\t<meta name=\"twitter:data1\" content=\"3 minutter\" \/>\n<script type=\"application\/ld+json\" class=\"yoast-schema-graph\">{\"@context\":\"https:\/\/schema.org\",\"@graph\":[{\"@type\":\"WebPage\",\"@id\":\"https:\/\/www.bentebrandstrup.dk\/index.php\/bente-brandstrup\/\",\"url\":\"https:\/\/www.bentebrandstrup.dk\/index.php\/bente-brandstrup\/\",\"name\":\"Bente Brandstrup - coach med fokus p\u00e5 trivsel\",\"isPartOf\":{\"@id\":\"https:\/\/www.bentebrandstrup.dk\/#website\"},\"datePublished\":\"2015-05-03T13:32:35+00:00\",\"dateModified\":\"2023-06-13T07:12:26+00:00\",\"description\":\"Bente Brandstrup er l\u00e6rer, vejleder og coach. Hendes prim\u00e6rer fokus er trivsel blandt unge teenagere og unge nyuddannede l\u00e6rere.\",\"breadcrumb\":{\"@id\":\"https:\/\/www.bentebrandstrup.dk\/index.php\/bente-brandstrup\/#breadcrumb\"},\"inLanguage\":\"da-DK\",\"potentialAction\":[{\"@type\":\"ReadAction\",\"target\":[\"https:\/\/www.bentebrandstrup.dk\/index.php\/bente-brandstrup\/\"]}]},{\"@type\":\"BreadcrumbList\",\"@id\":\"https:\/\/www.bentebrandstrup.dk\/index.php\/bente-brandstrup\/#breadcrumb\",\"itemListElement\":[{\"@type\":\"ListItem\",\"position\":1,\"name\":\"Hjem\",\"item\":\"https:\/\/www.bentebrandstrup.dk\/\"},{\"@type\":\"ListItem\",\"position\":2,\"name\":\"Bente Brandstrup\"}]},{\"@type\":\"WebSite\",\"@id\":\"https:\/\/www.bentebrandstrup.dk\/#website\",\"url\":\"https:\/\/www.bentebrandstrup.dk\/\",\"name\":\"NLP &amp; Potentiale\",\"description\":\"Foredrag og workshops\",\"potentialAction\":[{\"@type\":\"SearchAction\",\"target\":{\"@type\":\"EntryPoint\",\"urlTemplate\":\"https:\/\/www.bentebrandstrup.dk\/?s={search_term_string}\"},\"query-input\":\"required name=search_term_string\"}],\"inLanguage\":\"da-DK\"}]}<\/script>\n<!-- \/ Yoast SEO plugin. -->","yoast_head_json":{"title":"Bente Brandstrup - coach med fokus p\u00e5 trivsel","description":"Bente Brandstrup er l\u00e6rer, vejleder og coach. Hendes prim\u00e6rer fokus er trivsel blandt unge teenagere og unge nyuddannede l\u00e6rere.","robots":{"index":"index","follow":"follow","max-snippet":"max-snippet:-1","max-image-preview":"max-image-preview:large","max-video-preview":"max-video-preview:-1"},"canonical":"https:\/\/www.bentebrandstrup.dk\/index.php\/bente-brandstrup\/","og_locale":"da_DK","og_type":"article","og_title":"Bente Brandstrup - coach med fokus p\u00e5 trivsel","og_description":"Bente Brandstrup er l\u00e6rer, vejleder og coach. Hendes prim\u00e6rer fokus er trivsel blandt unge teenagere og unge nyuddannede l\u00e6rere.","og_url":"https:\/\/www.bentebrandstrup.dk\/index.php\/bente-brandstrup\/","og_site_name":"NLP &amp; Potentiale","article_publisher":"https:\/\/www.facebook.com\/NLPogPotentiale","article_modified_time":"2023-06-13T07:12:26+00:00","twitter_card":"summary_large_image","twitter_misc":{"Estimeret l\u00e6setid":"3 minutter"},"schema":{"@context":"https:\/\/schema.org","@graph":[{"@type":"WebPage","@id":"https:\/\/www.bentebrandstrup.dk\/index.php\/bente-brandstrup\/","url":"https:\/\/www.bentebrandstrup.dk\/index.php\/bente-brandstrup\/","name":"Bente Brandstrup - coach med fokus p\u00e5 trivsel","isPartOf":{"@id":"https:\/\/www.bentebrandstrup.dk\/#website"},"datePublished":"2015-05-03T13:32:35+00:00","dateModified":"2023-06-13T07:12:26+00:00","description":"Bente Brandstrup er l\u00e6rer, vejleder og coach. Hendes prim\u00e6rer fokus er trivsel blandt unge teenagere og unge nyuddannede l\u00e6rere.","breadcrumb":{"@id":"https:\/\/www.bentebrandstrup.dk\/index.php\/bente-brandstrup\/#breadcrumb"},"inLanguage":"da-DK","potentialAction":[{"@type":"ReadAction","target":["https:\/\/www.bentebrandstrup.dk\/index.php\/bente-brandstrup\/"]}]},{"@type":"BreadcrumbList","@id":"https:\/\/www.bentebrandstrup.dk\/index.php\/bente-brandstrup\/#breadcrumb","itemListElement":[{"@type":"ListItem","position":1,"name":"Hjem","item":"https:\/\/www.bentebrandstrup.dk\/"},{"@type":"ListItem","position":2,"name":"Bente Brandstrup"}]},{"@type":"WebSite","@id":"https:\/\/www.bentebrandstrup.dk\/#website","url":"https:\/\/www.bentebrandstrup.dk\/","name":"NLP &amp; Potentiale","description":"Foredrag og workshops","potentialAction":[{"@type":"SearchAction","target":{"@type":"EntryPoint","urlTemplate":"https:\/\/www.bentebrandstrup.dk\/?s={search_term_string}"},"query-input":"required name=search_term_string"}],"inLanguage":"da-DK"}]}},"_links":{"self":[{"href":"https:\/\/www.bentebrandstrup.dk\/index.php\/wp-json\/wp\/v2\/pages\/35"}],"collection":[{"href":"https:\/\/www.bentebrandstrup.dk\/index.php\/wp-json\/wp\/v2\/pages"}],"about":[{"href":"https:\/\/www.bentebrandstrup.dk\/index.php\/wp-json\/wp\/v2\/types\/page"}],"author":[{"embeddable":true,"href":"https:\/\/www.bentebrandstrup.dk\/index.php\/wp-json\/wp\/v2\/users\/1"}],"replies":[{"embeddable":true,"href":"https:\/\/www.bentebrandstrup.dk\/index.php\/wp-json\/wp\/v2\/comments?post=35"}],"version-history":[{"count":51,"href":"https:\/\/www.bentebrandstrup.dk\/index.php\/wp-json\/wp\/v2\/pages\/35\/revisions"}],"predecessor-version":[{"id":622,"href":"https:\/\/www.bentebrandstrup.dk\/index.php\/wp-json\/wp\/v2\/pages\/35\/revisions\/622"}],"wp:attachment":[{"href":"https:\/\/www.bentebrandstrup.dk\/index.php\/wp-json\/wp\/v2\/media?parent=35"}],"curies":[{"name":"wp","href":"https:\/\/api.w.org\/{rel}","templated":true}]}}